{"id":321,"date":"2017-03-23T11:37:39","date_gmt":"2017-03-23T11:37:39","guid":{"rendered":"https:\/\/lavadoyengrasadodelvalle.com\/index.php\/contact\/"},"modified":"2026-03-23T22:16:45","modified_gmt":"2026-03-23T22:16:45","slug":"contacto-autolavado-valle-de-chalco","status":"publish","type":"page","link":"https:\/\/lavadoyengrasadodelvalle.com\/index.php\/contacto-autolavado-valle-de-chalco\/","title":{"rendered":"Contactanos"},"content":{"rendered":"<!--themify_builder_content-->\n<div id=\"themify_builder_content-321\" data-postid=\"321\" class=\"themify_builder_content themify_builder_content-321 themify_builder tf_clear\">\n                    <div  data-lazy=\"1\" class=\"module_row themify_builder_row tb_xtuq216 tb_first tf_w\">\n                        <div class=\"row_inner col_align_top tb_col_count_1 tf_box tf_rel\">\n                        <div  data-lazy=\"1\" class=\"module_column tb-column col-full tb_5rd7216 first\">\n                    <!-- module fancy heading -->\n<div  class=\"module module-fancy-heading tb_um70846 \" data-lazy=\"1\">\n        <h1 class=\"fancy-heading tf_textc\">\n    <span class=\"main-head tf_block\">\n                                <\/span>\n\n    \n    <span class=\"sub-head tf_block tf_rel\">\n                    CONTACTANOS            <\/span>\n    <\/h1>\n<\/div>\n<!-- \/module fancy heading -->\n        <\/div>\n                        <\/div>\n        <\/div>\n                        <div  data-lazy=\"1\" class=\"module_row themify_builder_row tb_m1m6721 tf_w\">\n                        <div class=\"row_inner col_align_top tb_col_count_3 tf_box tf_rel\">\n                        <div  data-lazy=\"1\" class=\"module_column tb-column col3-1 tb_b0is725 first\">\n                    <!-- module icon -->\n<div  class=\"module module-icon tb_4pmk725   none icon_vertical tf_textc\" data-lazy=\"1\">\n\t\t\t<div class=\"module-icon-item\">\n\t\t\t\t\t\t\t\t\t\t\t\t\t\t\t\t<em class=\"tf_box\"\n\t\t\t\t\t\t\t\t\t\t\t\t\t\t\t\t\t><svg  class=\"tf_fa tf-fas-phone\" aria-hidden=\"true\"><use href=\"#tf-fas-phone\"><\/use><\/svg><\/em>\n\t\t\t\t\t\t\t\t\t\t\t\t\t\t<\/div>\n\t<\/div>\n<!-- \/module icon -->\n<!-- module text -->\n<div  class=\"module module-text tb_122c726   \" data-lazy=\"1\">\n        <div  class=\"tb_text_wrap\">\n        <p>+52 55 3355 6701<\/p>    <\/div>\n<\/div>\n<!-- \/module text -->        <\/div>\n                    <div  data-lazy=\"1\" class=\"module_column tb-column col3-1 tb_3eky726\">\n                    <!-- module icon -->\n<div  class=\"module module-icon tb_hyw5726   none icon_vertical tf_textc\" data-lazy=\"1\">\n\t\t\t<div class=\"module-icon-item\">\n\t\t\t\t\t\t\t\t\t\t\t\t\t\t\t\t<em class=\"tf_box\"\n\t\t\t\t\t\t\t\t\t\t\t\t\t\t\t\t\t><svg  class=\"tf_fa tf-far-map-marker\" aria-hidden=\"true\"><use href=\"#tf-far-map-marker\"><\/use><\/svg><\/em>\n\t\t\t\t\t\t\t\t\t\t\t\t\t\t<\/div>\n\t<\/div>\n<!-- \/module icon -->\n<!-- module text -->\n<div  class=\"module module-text tb_2l2r726   \" data-lazy=\"1\">\n        <div  class=\"tb_text_wrap\">\n        <p>56617, Independencia, Valle de Chalco Solidaridad<\/p>    <\/div>\n<\/div>\n<!-- \/module text -->        <\/div>\n                    <div  data-lazy=\"1\" class=\"module_column tb-column col3-1 tb_48ul726 last\">\n                    <!-- module icon -->\n<div  class=\"module module-icon tb_1dsj726   none icon_vertical tf_textc\" data-lazy=\"1\">\n\t\t\t<div class=\"module-icon-item\">\n\t\t\t\t\t\t\t\t\t\t\t\t\t\t\t\t<em class=\"tf_box\"\n\t\t\t\t\t\t\t\t\t\t\t\t\t\t\t\t\t><svg  class=\"tf_fa tf-far-envelope-o\" aria-hidden=\"true\"><use href=\"#tf-far-envelope-o\"><\/use><\/svg><\/em>\n\t\t\t\t\t\t\t\t\t\t\t\t\t\t<\/div>\n\t<\/div>\n<!-- \/module icon -->\n<!-- module text -->\n<div  class=\"module module-text tb_mj4r726   \" data-lazy=\"1\">\n        <div  class=\"tb_text_wrap\">\n        <p>serviciodelvalle8@gmail.com<\/p>    <\/div>\n<\/div>\n<!-- \/module text -->        <\/div>\n                        <\/div>\n        <\/div>\n                        <div  data-lazy=\"1\" class=\"module_row themify_builder_row tb_58su721 tf_w\">\n                        <div class=\"row_inner col_align_top gutter-none tb_col_count_3 tf_box tf_rel\">\n                        <div  data-lazy=\"1\" class=\"module_column tb-column col4-1 tb_3clf727 first\">\n                            <\/div>\n                    <div  data-lazy=\"1\" class=\"module_column tb-column col4-2 tb_gyi0727\">\n                    <!-- module fancy heading -->\n<div  class=\"module module-fancy-heading tb_jto1727 \" data-lazy=\"1\">\n        <h2 class=\"fancy-heading tf_textc\">\n    <span class=\"main-head tf_block\">\n                    Si tienes algun comentario puedes enviarnos algun correo            <\/span>\n\n    \n    <span class=\"sub-head tf_block tf_rel\">\n                    LAVADO Y ENGRASADO DEL VALLE            <\/span>\n    <\/h2>\n<\/div>\n<!-- \/module fancy heading -->\n<!-- module contact -->\n<div  id=\"tb_8hd5727\" class=\"module module-contact tb_8hd5727 contact-style2 \" data-lazy=\"1\">\n    \n\t<form class=\"builder-contact\"\n\t\tid=\"tb_8hd5727-form\"\n\t\tmethod=\"post\"\n\t\tdata-post-id=\"321\"\n\t\tdata-element-id=\"8hd5727\"\n\t\tdata-orig-id=\"321\"\n\t>\n    <div class=\"contact-message\"><\/div>\n\t<div class=\"builder-contact-fields tf_rel\">\n\t\t    \t\t    <div class=\"builder-contact-field builder-contact-field-name builder-contact-text-field\">\n\t\t\t    <label class=\"control-label\" for=\"tb_8hd5727-contact-name\">\n\t\t\t\t\t\t\t\t\t\t<span class=\"tb-label-span\">Your Name <\/span>\t\t\t\t<\/label>\n\t\t\t    <div class=\"control-input tf_rel\">\n\t\t\t\t    \t\t\t\t\t    <input type=\"text\" name=\"contact-name\" placeholder=\"\" id=\"tb_8hd5727-contact-name\" value=\"\" class=\"form-control\" >\n\t\t\t\t    \t\t\t\t    \t\t\t    <\/div>\n\t\t<\/div>\n\t    \n\t\t    \t\t    <div class=\"builder-contact-field builder-contact-field-email builder-contact-text-field\">\n\t\t\t    <label class=\"control-label\" for=\"tb_8hd5727-contact-email\">\n\t\t\t\t\t\t\t\t\t\t<span class=\"tb-label-span\">Email Address <\/span>\t\t\t\t<\/label>\n\t\t\t    <div class=\"control-input tf_rel\">\n\t\t\t\t    \t\t\t\t\t    <input type=\"email\" name=\"contact-email\" placeholder=\"\" id=\"tb_8hd5727-contact-email\" value=\"\" class=\"form-control\" >\n\t\t\t\t    \t\t\t\t    \t\t\t    <\/div>\n\t\t<\/div>\n\t    \n\t\t    \t\t    <div class=\"builder-contact-field builder-contact-field-message builder-contact-textarea-field\">\n\t\t\t    <label class=\"control-label\" for=\"tb_8hd5727-contact-message\">\n\t\t\t\t\t\t\t\t\t\t<span class=\"tb-label-span\">Message <\/span>\t\t\t\t<\/label>\n\t\t\t    <div class=\"control-input tf_rel\">\n\t\t\t\t    \t\t\t\t\t    <textarea name=\"contact-message\" placeholder=\"\" id=\"tb_8hd5727-contact-message\" class=\"form-control\"><\/textarea>\n\t\t\t\t    \t\t\t\t    \t\t\t    <\/div>\n\t\t<\/div>\n\t    \n\t\t    \t\t\n\t\t\n\t    \n\t    <div class=\"builder-contact-field builder-contact-field-send control-input tf_textl tf_clear tf_rel\">\n\t\t\t<button type=\"submit\" class=\"btn btn-primary\">\n\t\t\t\t<span class=\"tf_loader\"><\/span>\t\t\t\t<span class=\"tf_submit_icon\"><\/span> \n\t\t\t\tSend\t\t\t<\/button>\n\t    <\/div>\n\t<\/div>\n    <\/form>\n    <\/div>\n<!-- \/module contact -->\n        <\/div>\n                    <div  data-lazy=\"1\" class=\"module_column tb-column col4-1 tb_hfgd727 last\">\n                            <\/div>\n                        <\/div>\n        <\/div>\n                        <div  data-css_id=\"dtgi721\" data-lazy=\"1\" class=\"module_row themify_builder_row fullwidth tb_dtgi721 tf_w\">\n                        <div class=\"row_inner col_align_top tb_col_count_1 tf_box tf_rel\">\n                        <div  data-lazy=\"1\" class=\"module_column tb-column col-full tb_l74y728 first\">\n                            <\/div>\n                        <\/div>\n        <\/div>\n                        <div  data-lazy=\"1\" class=\"module_row themify_builder_row tb_e7oz569 tf_w\">\n                        <div class=\"row_inner col_align_top tb_col_count_1 tf_box tf_rel\">\n                        <div  data-lazy=\"1\" class=\"module_column tb-column col-full tb_i3zl569 first\">\n                    <!-- module plain text -->\n<div  class=\"module module-plain-text tb_0tx1462 \" data-lazy=\"1\">\n        <div class=\"tb_text_wrap\">\n    <iframe src=\"https:\/\/www.google.com\/maps\/embed?pb=!1m18!1m12!1m3!1d3765.5242351923994!2d-98.93851!3d19.3030452!2m3!1f0!2f0!3f0!3m2!1i1024!2i768!4f13.1!3m3!1m2!1s0x85ce1d9ee80f3641%3A0xaba59f01fb55605d!2sAutolavado%20Del%20Valle!5e0!3m2!1ses-419!2smx!4v1772911026050!5m2!1ses-419!2smx\" width=\"900\" height=\"450\" style=\"border:0;\" allowfullscreen=\"\" loading=\"lazy\" referrerpolicy=\"no-referrer-when-downgrade\"><\/iframe>    <\/div>\n<\/div>\n<!-- \/module plain text -->        <\/div>\n                        <\/div>\n        <\/div>\n        <\/div>\n<!--\/themify_builder_content-->","protected":false},"excerpt":{"rendered":"<p>+52 55 3355 6701<\/p>\n","protected":false},"author":1,"featured_media":0,"parent":0,"menu_order":0,"comment_status":"closed","ping_status":"closed","template":"","meta":{"footnotes":""},"class_list":["post-321","page","type-page","status-publish","hentry","has-post-title","has-post-date","has-post-category","has-post-tag","has-post-comment","has-post-author",""],"yoast_head":"<!-- This site is optimized with the Yoast SEO plugin v27.0 - https:\/\/yoast.com\/product\/yoast-seo-wordpress\/ -->\n<title>Contactanos - Lavadoyengrasadodelvalle.com<\/title>\n<meta name=\"description\" content=\"Cont\u00e1ctanos para tu servicio de autolavado en Valle de Chalco. Lavado, engrasado y detallado automotriz con atenci\u00f3n r\u00e1pida en Chalco. \u00a1Agenda hoy!\" \/>\n<meta name=\"robots\" content=\"index, follow, max-snippet:-1, max-image-preview:large, max-video-preview:-1\" \/>\n<link rel=\"canonical\" href=\"https:\/\/lavadoyengrasadodelvalle.com\/index.php\/contacto-autolavado-valle-de-chalco\/\" \/>\n<meta property=\"og:locale\" content=\"es_MX\" \/>\n<meta property=\"og:type\" content=\"article\" \/>\n<meta property=\"og:title\" content=\"Contactanos - Lavadoyengrasadodelvalle.com\" \/>\n<meta property=\"og:description\" content=\"Cont\u00e1ctanos para tu servicio de autolavado en Valle de Chalco. Lavado, engrasado y detallado automotriz con atenci\u00f3n r\u00e1pida en Chalco. \u00a1Agenda hoy!\" \/>\n<meta property=\"og:url\" content=\"https:\/\/lavadoyengrasadodelvalle.com\/index.php\/contacto-autolavado-valle-de-chalco\/\" \/>\n<meta property=\"og:site_name\" content=\"Lavadoyengrasadodelvalle.com\" \/>\n<meta property=\"article:publisher\" content=\"https:\/\/www.facebook.com\/share\/1AiVLp8xdZ\/?mibextid=wwXIfr\" \/>\n<meta property=\"article:modified_time\" content=\"2026-03-23T22:16:45+00:00\" \/>\n<meta name=\"twitter:card\" content=\"summary_large_image\" \/>\n<meta name=\"twitter:label1\" content=\"Tiempo de lectura\" \/>\n\t<meta name=\"twitter:data1\" content=\"1 minuto\" \/>\n<script type=\"application\/ld+json\" class=\"yoast-schema-graph\">{\"@context\":\"https:\/\/schema.org\",\"@graph\":[{\"@type\":\"WebPage\",\"@id\":\"https:\/\/lavadoyengrasadodelvalle.com\/index.php\/contacto-autolavado-valle-de-chalco\/\",\"url\":\"https:\/\/lavadoyengrasadodelvalle.com\/index.php\/contacto-autolavado-valle-de-chalco\/\",\"name\":\"Contactanos - Lavadoyengrasadodelvalle.com\",\"isPartOf\":{\"@id\":\"https:\/\/lavadoyengrasadodelvalle.com\/#website\"},\"datePublished\":\"2017-03-23T11:37:39+00:00\",\"dateModified\":\"2026-03-23T22:16:45+00:00\",\"description\":\"Cont\u00e1ctanos para tu servicio de autolavado en Valle de Chalco. Lavado, engrasado y detallado automotriz con atenci\u00f3n r\u00e1pida en Chalco. \u00a1Agenda hoy!\",\"breadcrumb\":{\"@id\":\"https:\/\/lavadoyengrasadodelvalle.com\/index.php\/contacto-autolavado-valle-de-chalco\/#breadcrumb\"},\"inLanguage\":\"es\",\"potentialAction\":[{\"@type\":\"ReadAction\",\"target\":[\"https:\/\/lavadoyengrasadodelvalle.com\/index.php\/contacto-autolavado-valle-de-chalco\/\"]}]},{\"@type\":\"BreadcrumbList\",\"@id\":\"https:\/\/lavadoyengrasadodelvalle.com\/index.php\/contacto-autolavado-valle-de-chalco\/#breadcrumb\",\"itemListElement\":[{\"@type\":\"ListItem\",\"position\":1,\"name\":\"Inicio\",\"item\":\"https:\/\/lavadoyengrasadodelvalle.com\/\"},{\"@type\":\"ListItem\",\"position\":2,\"name\":\"Contactanos\"}]},{\"@type\":\"WebSite\",\"@id\":\"https:\/\/lavadoyengrasadodelvalle.com\/#website\",\"url\":\"https:\/\/lavadoyengrasadodelvalle.com\/\",\"name\":\"https:\/\/lavadoyengrasadodelvalle.com\/\",\"description\":\"\",\"publisher\":{\"@id\":\"https:\/\/lavadoyengrasadodelvalle.com\/#organization\"},\"potentialAction\":[{\"@type\":\"SearchAction\",\"target\":{\"@type\":\"EntryPoint\",\"urlTemplate\":\"https:\/\/lavadoyengrasadodelvalle.com\/?s={search_term_string}\"},\"query-input\":{\"@type\":\"PropertyValueSpecification\",\"valueRequired\":true,\"valueName\":\"search_term_string\"}}],\"inLanguage\":\"es\"},{\"@type\":\"Organization\",\"@id\":\"https:\/\/lavadoyengrasadodelvalle.com\/#organization\",\"name\":\"lavadoyengrasadodelvalle\",\"url\":\"https:\/\/lavadoyengrasadodelvalle.com\/\",\"logo\":{\"@type\":\"ImageObject\",\"inLanguage\":\"es\",\"@id\":\"https:\/\/lavadoyengrasadodelvalle.com\/#\/schema\/logo\/image\/\",\"url\":\"https:\/\/lavadoyengrasadodelvalle.com\/wp-content\/uploads\/2026\/02\/WhatsApp-Image-2026-01-09-at-6.56.17-PM-1-1.png\",\"contentUrl\":\"https:\/\/lavadoyengrasadodelvalle.com\/wp-content\/uploads\/2026\/02\/WhatsApp-Image-2026-01-09-at-6.56.17-PM-1-1.png\",\"width\":1080,\"height\":1080,\"caption\":\"lavadoyengrasadodelvalle\"},\"image\":{\"@id\":\"https:\/\/lavadoyengrasadodelvalle.com\/#\/schema\/logo\/image\/\"},\"sameAs\":[\"https:\/\/www.facebook.com\/share\/1AiVLp8xdZ\/?mibextid=wwXIfr\",\"https:\/\/www.tiktok.com\/@servdelvalle?_r=1&_t=ZS-943cFnj4FhI\"]}]}<\/script>\n<!-- \/ Yoast SEO plugin. -->","yoast_head_json":{"title":"Contactanos - Lavadoyengrasadodelvalle.com","description":"Cont\u00e1ctanos para tu servicio de autolavado en Valle de Chalco. Lavado, engrasado y detallado automotriz con atenci\u00f3n r\u00e1pida en Chalco. \u00a1Agenda hoy!","robots":{"index":"index","follow":"follow","max-snippet":"max-snippet:-1","max-image-preview":"max-image-preview:large","max-video-preview":"max-video-preview:-1"},"canonical":"https:\/\/lavadoyengrasadodelvalle.com\/index.php\/contacto-autolavado-valle-de-chalco\/","og_locale":"es_MX","og_type":"article","og_title":"Contactanos - Lavadoyengrasadodelvalle.com","og_description":"Cont\u00e1ctanos para tu servicio de autolavado en Valle de Chalco. Lavado, engrasado y detallado automotriz con atenci\u00f3n r\u00e1pida en Chalco. \u00a1Agenda hoy!","og_url":"https:\/\/lavadoyengrasadodelvalle.com\/index.php\/contacto-autolavado-valle-de-chalco\/","og_site_name":"Lavadoyengrasadodelvalle.com","article_publisher":"https:\/\/www.facebook.com\/share\/1AiVLp8xdZ\/?mibextid=wwXIfr","article_modified_time":"2026-03-23T22:16:45+00:00","twitter_card":"summary_large_image","twitter_misc":{"Tiempo de lectura":"1 minuto"},"schema":{"@context":"https:\/\/schema.org","@graph":[{"@type":"WebPage","@id":"https:\/\/lavadoyengrasadodelvalle.com\/index.php\/contacto-autolavado-valle-de-chalco\/","url":"https:\/\/lavadoyengrasadodelvalle.com\/index.php\/contacto-autolavado-valle-de-chalco\/","name":"Contactanos - Lavadoyengrasadodelvalle.com","isPartOf":{"@id":"https:\/\/lavadoyengrasadodelvalle.com\/#website"},"datePublished":"2017-03-23T11:37:39+00:00","dateModified":"2026-03-23T22:16:45+00:00","description":"Cont\u00e1ctanos para tu servicio de autolavado en Valle de Chalco. Lavado, engrasado y detallado automotriz con atenci\u00f3n r\u00e1pida en Chalco. \u00a1Agenda hoy!","breadcrumb":{"@id":"https:\/\/lavadoyengrasadodelvalle.com\/index.php\/contacto-autolavado-valle-de-chalco\/#breadcrumb"},"inLanguage":"es","potentialAction":[{"@type":"ReadAction","target":["https:\/\/lavadoyengrasadodelvalle.com\/index.php\/contacto-autolavado-valle-de-chalco\/"]}]},{"@type":"BreadcrumbList","@id":"https:\/\/lavadoyengrasadodelvalle.com\/index.php\/contacto-autolavado-valle-de-chalco\/#breadcrumb","itemListElement":[{"@type":"ListItem","position":1,"name":"Inicio","item":"https:\/\/lavadoyengrasadodelvalle.com\/"},{"@type":"ListItem","position":2,"name":"Contactanos"}]},{"@type":"WebSite","@id":"https:\/\/lavadoyengrasadodelvalle.com\/#website","url":"https:\/\/lavadoyengrasadodelvalle.com\/","name":"https:\/\/lavadoyengrasadodelvalle.com\/","description":"","publisher":{"@id":"https:\/\/lavadoyengrasadodelvalle.com\/#organization"},"potentialAction":[{"@type":"SearchAction","target":{"@type":"EntryPoint","urlTemplate":"https:\/\/lavadoyengrasadodelvalle.com\/?s={search_term_string}"},"query-input":{"@type":"PropertyValueSpecification","valueRequired":true,"valueName":"search_term_string"}}],"inLanguage":"es"},{"@type":"Organization","@id":"https:\/\/lavadoyengrasadodelvalle.com\/#organization","name":"lavadoyengrasadodelvalle","url":"https:\/\/lavadoyengrasadodelvalle.com\/","logo":{"@type":"ImageObject","inLanguage":"es","@id":"https:\/\/lavadoyengrasadodelvalle.com\/#\/schema\/logo\/image\/","url":"https:\/\/lavadoyengrasadodelvalle.com\/wp-content\/uploads\/2026\/02\/WhatsApp-Image-2026-01-09-at-6.56.17-PM-1-1.png","contentUrl":"https:\/\/lavadoyengrasadodelvalle.com\/wp-content\/uploads\/2026\/02\/WhatsApp-Image-2026-01-09-at-6.56.17-PM-1-1.png","width":1080,"height":1080,"caption":"lavadoyengrasadodelvalle"},"image":{"@id":"https:\/\/lavadoyengrasadodelvalle.com\/#\/schema\/logo\/image\/"},"sameAs":["https:\/\/www.facebook.com\/share\/1AiVLp8xdZ\/?mibextid=wwXIfr","https:\/\/www.tiktok.com\/@servdelvalle?_r=1&_t=ZS-943cFnj4FhI"]}]}},"builder_content":"<h1><br\/>CONTACTANOS<\/h1>\n<em ><svg aria-hidden=\"true\"><use href=\"#tf-fas-phone\"><\/use><\/svg><\/em>\n<p>+52 55 3355 6701<\/p>\n<em ><svg aria-hidden=\"true\"><use href=\"#tf-far-map-marker\"><\/use><\/svg><\/em>\n<p>56617, Independencia, Valle de Chalco Solidaridad<\/p>\n<em ><svg aria-hidden=\"true\"><use href=\"#tf-far-envelope-o\"><\/use><\/svg><\/em>\n<p>serviciodelvalle8@gmail.com<\/p>\n<h2>Si tienes algun comentario puedes enviarnos algun correo<br\/>LAVADO Y ENGRASADO DEL VALLE<\/h2>\n<form id=\"tb_8hd5727-form\" method=\"post\" data-post-id=\"0\" data-element-id=\"8hd5727\" data-orig-id=\"321\" > <label for=\"tb_8hd5727-contact-name\"> Your Name <\/label> <input type=\"text\" name=\"contact-name\" placeholder=\"\" id=\"tb_8hd5727-contact-name\" value=\"\" > <label for=\"tb_8hd5727-contact-email\"> Email Address <\/label> <input type=\"email\" name=\"contact-email\" placeholder=\"\" id=\"tb_8hd5727-contact-email\" value=\"\" > <label for=\"tb_8hd5727-contact-message\"> Message <\/label> <textarea name=\"contact-message\" placeholder=\"\" id=\"tb_8hd5727-contact-message\"><\/textarea> <button type=\"submit\"> Send <\/button> <\/form>\n<iframe src=\"https:\/\/www.google.com\/maps\/embed?pb=!1m18!1m12!1m3!1d3765.5242351923994!2d-98.93851!3d19.3030452!2m3!1f0!2f0!3f0!3m2!1i1024!2i768!4f13.1!3m3!1m2!1s0x85ce1d9ee80f3641%3A0xaba59f01fb55605d!2sAutolavado%20Del%20Valle!5e0!3m2!1ses-419!2smx!4v1772911026050!5m2!1ses-419!2smx\" width=\"900\" height=\"450\" style=\"border:0;\" allowfullscreen=\"\" loading=\"lazy\" referrerpolicy=\"no-referrer-when-downgrade\"><\/iframe>","_links":{"self":[{"href":"https:\/\/lavadoyengrasadodelvalle.com\/index.php\/wp-json\/wp\/v2\/pages\/321","targetHints":{"allow":["GET"]}}],"collection":[{"href":"https:\/\/lavadoyengrasadodelvalle.com\/index.php\/wp-json\/wp\/v2\/pages"}],"about":[{"href":"https:\/\/lavadoyengrasadodelvalle.com\/index.php\/wp-json\/wp\/v2\/types\/page"}],"author":[{"embeddable":true,"href":"https:\/\/lavadoyengrasadodelvalle.com\/index.php\/wp-json\/wp\/v2\/users\/1"}],"replies":[{"embeddable":true,"href":"https:\/\/lavadoyengrasadodelvalle.com\/index.php\/wp-json\/wp\/v2\/comments?post=321"}],"version-history":[{"count":27,"href":"https:\/\/lavadoyengrasadodelvalle.com\/index.php\/wp-json\/wp\/v2\/pages\/321\/revisions"}],"predecessor-version":[{"id":1071,"href":"https:\/\/lavadoyengrasadodelvalle.com\/index.php\/wp-json\/wp\/v2\/pages\/321\/revisions\/1071"}],"wp:attachment":[{"href":"https:\/\/lavadoyengrasadodelvalle.com\/index.php\/wp-json\/wp\/v2\/media?parent=321"}],"curies":[{"name":"wp","href":"https:\/\/api.w.org\/{rel}","templated":true}]}}